{"id":11,"date":"2020-03-12T19:56:49","date_gmt":"2020-03-12T19:56:49","guid":{"rendered":"https:\/\/ijob.dk\/?page_id=9"},"modified":"2020-03-12T19:56:49","modified_gmt":"2020-03-12T19:56:49","slug":"brug-dit-netvaerk","status":"publish","type":"page","link":"https:\/\/ijob.dk\/?page_id=11","title":{"rendered":"Brug dit netv\u00e6rk"},"content":{"rendered":"\n<p>Tag kontakt. Se nye sammenh\u00e6nge.<br>Vidste du, at langt de fleste ledige job aldrig bliver annonceret? Brug derfor dit netv\u00e6rk: venner, familie, naboer. Fort\u00e6l dem hvad du vil &#8211; og hvad du kan. Og f\u00e5 dem til at sige det videre &#8211; som ringe i vandet.<\/p>\n\n\n\n<p>Lad dig inspirere:<\/p>\n\n\n\n<ul class=\"wp-block-list\"><li><a href=\"http:\/\/www.youtube.com\/watch?v=E6iHyoiF18U&amp;feature=player_embedded\" target=\"_blank\" aria-label=\" (opens in a new tab)\" rel=\"noreferrer noopener\" class=\"rank-math-link\">EURESjob\u00a0<\/a>\u00a0&#8211; Dit f\u00f8rste job er t\u00e6ttere p\u00e5 end du tror (Video)<\/li><li><a href=\"http:\/\/www.finansforbundet.dk\/da\/blivklogerepaa\/jobsoegningogkompetenceudvikling\/brugditnetvaerk\/Sider\/default.aspx\" target=\"_blank\" aria-label=\" (opens in a new tab)\" rel=\"noreferrer noopener\" class=\"rank-math-link\">finansforbundet.dk\u00a0<\/a>&#8211; Tips &amp; tricks og tag en netv\u00e6rkertest<\/li><li><a href=\"http:\/\/www.finansforbundet.dk\/da\/blivklogerepaa\/jobsoegningogkompetenceudvikling\/brugditnetvaerk\/Sider\/lavditegetnetvaerkerkort.aspx\" target=\"_blank\" aria-label=\" (opens in a new tab)\" rel=\"noreferrer noopener\" class=\"rank-math-link\">finansforbundet.dk<\/a>\u00a0&#8211; Lav dit eget netv\u00e6rker kort<\/li><li><a href=\"http:\/\/www.dr.dk\/P3\/P3Nyheder\/2010\/03\/03\/03113210.htm\" target=\"_blank\" aria-label=\" (opens in a new tab)\" rel=\"noreferrer noopener\" class=\"rank-math-link\">Dr.dk\/P3\u00a0<\/a>\u00a0&#8211; Netv\u00e6rk er den bedste vej til nyt job<\/li><li><a href=\"http:\/\/www.modernejobsoeger.dk\/linkedin-profil-guide\" target=\"_blank\" aria-label=\" (opens in a new tab)\" rel=\"noreferrer noopener\" class=\"rank-math-link\">Moderne jobs\u00f8ger<\/a>\u00a0&#8211; guide til en top professionel LinkedIn profil<\/li><\/ul>\n","protected":false},"excerpt":{"rendered":"<p>Tag kontakt. Se nye sammenh\u00e6nge.Vidste du, at langt de fleste ledige job aldrig bliver annonceret? Brug derfor dit netv\u00e6rk: venner, familie, naboer. Fort\u00e6l dem hvad du vil &#8211; og hvad du kan. Og f\u00e5 dem til at sige det videre &#8211; som ringe i vandet. Lad dig inspirere: EURESjob\u00a0\u00a0&#8211; Dit f\u00f8rste job er t\u00e6ttere p\u00e5&#8230;<\/p>\n","protected":false},"author":1,"featured_media":0,"parent":0,"menu_order":0,"comment_status":"closed","ping_status":"closed","template":"","meta":{"_kad_post_transparent":"","_kad_post_title":"","_kad_post_layout":"","_kad_post_sidebar_id":"","_kad_post_content_style":"","_kad_post_vertical_padding":"","_kad_post_feature":"","_kad_post_feature_position":"","_kad_post_header":false,"_kad_post_footer":false,"footnotes":""},"class_list":["post-11","page","type-page","status-publish","hentry"],"_links":{"self":[{"href":"https:\/\/ijob.dk\/index.php?rest_route=\/wp\/v2\/pages\/11"}],"collection":[{"href":"https:\/\/ijob.dk\/index.php?rest_route=\/wp\/v2\/pages"}],"about":[{"href":"https:\/\/ijob.dk\/index.php?rest_route=\/wp\/v2\/types\/page"}],"author":[{"embeddable":true,"href":"https:\/\/ijob.dk\/index.php?rest_route=\/wp\/v2\/users\/1"}],"replies":[{"embeddable":true,"href":"https:\/\/ijob.dk\/index.php?rest_route=%2Fwp%2Fv2%2Fcomments&post=11"}],"version-history":[{"count":0,"href":"https:\/\/ijob.dk\/index.php?rest_route=\/wp\/v2\/pages\/11\/revisions"}],"wp:attachment":[{"href":"https:\/\/ijob.dk\/index.php?rest_route=%2Fwp%2Fv2%2Fmedia&parent=11"}],"curies":[{"name":"wp","href":"https:\/\/api.w.org\/{rel}","templated":true}]}}