{"id":12,"date":"2020-03-12T19:58:32","date_gmt":"2020-03-12T19:58:32","guid":{"rendered":"https:\/\/ijob.dk\/?page_id=11"},"modified":"2020-03-12T19:58:32","modified_gmt":"2020-03-12T19:58:32","slug":"opsoeg-virksomheder","status":"publish","type":"page","link":"https:\/\/ijob.dk\/?page_id=12","title":{"rendered":"Ops\u00f8g virksomheder"},"content":{"rendered":"\n<p>Hj\u00e6lp heldet p\u00e5 vej. S\u00f8g uopfordret.<br>V\u00e6r ops\u00f8gende. Kig fx efter interessante hjemmesider for sm\u00e5 og mellemstore virksomheder, og tag s\u00e5 direkte kontakt &#8211; telefonisk, skriftligt eller personligt. Det viser initiativ og g\u00e5-p\u00e5-mod. F\u00f8lg op p\u00e5 din henvendelse. Det viser engagement og vilje. Altsammen kvaliteter som en arbejdsgiver l\u00e6gger v\u00e6gt p\u00e5.<\/p>\n\n\n\n<p>Lad dig inspirere:<\/p>\n\n\n\n<ul class=\"wp-block-list\"><li><a href=\"http:\/\/www.ug.dk\/flereomraader\/inspiration\/miniartikler\/jobcity.aspx\" target=\"_blank\" aria-label=\" (opens in a new tab)\" rel=\"noreferrer noopener\" class=\"rank-math-link\">JobCity\u00a0<\/a>\u00a0&#8211; Bes\u00f8g forskellige virksomheder i den virtuelle by<\/li><li><a href=\"http:\/\/fritidsjob.onlineannoncer.dk\/\" target=\"_blank\" aria-label=\" (opens in a new tab)\" rel=\"noreferrer noopener\" class=\"rank-math-link\">fritidsjob.onlineannoncer.dk\u00a0<\/a>\u00a0&#8211; Lav din egen jobannonce<\/li><li><a href=\"http:\/\/ec.europa.eu\/youthonthemove\/#theme_pos_3\" target=\"_blank\" aria-label=\" (opens in a new tab)\" rel=\"noreferrer noopener\" class=\"rank-math-link\">Youth on the move\u00a0<\/a>\u00a0&#8211; F\u00e5 hj\u00e6lp til et\u00a0job i udandet (EU)<\/li><li><a href=\"http:\/\/www.student-hvadnu.dk\/arbejde-i-sabbataar\" target=\"_blank\" aria-label=\" (opens in a new tab)\" rel=\"noreferrer noopener\" class=\"rank-math-link\">student-hvadnu.dk\u00a0<\/a>&#8211; Andre unge giver dig gode r\u00e5d og ideer<\/li><li><a href=\"http:\/\/www.gtilp.dk\/inspirationsvideoer\/afspil-video.aspx?id=1303\" target=\"_blank\" aria-label=\" (opens in a new tab)\" rel=\"noreferrer noopener\" class=\"rank-math-link\">gtilp.dk\u00a0<\/a>\u00a0&#8211; H\u00f8r hvordan butikchefen selv fik sit dr\u00f8mmejob<\/li><\/ul>\n","protected":false},"excerpt":{"rendered":"<p>Hj\u00e6lp heldet p\u00e5 vej. S\u00f8g uopfordret.V\u00e6r ops\u00f8gende. Kig fx efter interessante hjemmesider for sm\u00e5 og mellemstore virksomheder, og tag s\u00e5 direkte kontakt &#8211; telefonisk, skriftligt eller personligt. Det viser initiativ og g\u00e5-p\u00e5-mod. F\u00f8lg op p\u00e5 din henvendelse. Det viser engagement og vilje. Altsammen kvaliteter som en arbejdsgiver l\u00e6gger v\u00e6gt p\u00e5. Lad dig inspirere: JobCity\u00a0\u00a0&#8211; Bes\u00f8g&#8230;<\/p>\n","protected":false},"author":1,"featured_media":0,"parent":0,"menu_order":0,"comment_status":"closed","ping_status":"closed","template":"","meta":{"_kad_post_transparent":"","_kad_post_title":"","_kad_post_layout":"","_kad_post_sidebar_id":"","_kad_post_content_style":"","_kad_post_vertical_padding":"","_kad_post_feature":"","_kad_post_feature_position":"","_kad_post_header":false,"_kad_post_footer":false,"footnotes":""},"class_list":["post-12","page","type-page","status-publish","hentry"],"_links":{"self":[{"href":"https:\/\/ijob.dk\/index.php?rest_route=\/wp\/v2\/pages\/12"}],"collection":[{"href":"https:\/\/ijob.dk\/index.php?rest_route=\/wp\/v2\/pages"}],"about":[{"href":"https:\/\/ijob.dk\/index.php?rest_route=\/wp\/v2\/types\/page"}],"author":[{"embeddable":true,"href":"https:\/\/ijob.dk\/index.php?rest_route=\/wp\/v2\/users\/1"}],"replies":[{"embeddable":true,"href":"https:\/\/ijob.dk\/index.php?rest_route=%2Fwp%2Fv2%2Fcomments&post=12"}],"version-history":[{"count":0,"href":"https:\/\/ijob.dk\/index.php?rest_route=\/wp\/v2\/pages\/12\/revisions"}],"wp:attachment":[{"href":"https:\/\/ijob.dk\/index.php?rest_route=%2Fwp%2Fv2%2Fmedia&parent=12"}],"curies":[{"name":"wp","href":"https:\/\/api.w.org\/{rel}","templated":true}]}}