{"id":9,"date":"2020-03-12T19:48:22","date_gmt":"2020-03-12T19:48:22","guid":{"rendered":"https:\/\/ijob.dk\/?page_id=5"},"modified":"2020-03-12T19:48:22","modified_gmt":"2020-03-12T19:48:22","slug":"jobansoegning","status":"publish","type":"page","link":"https:\/\/ijob.dk\/?page_id=9","title":{"rendered":"Jobans\u00f8gning"},"content":{"rendered":"\n<p>G\u00f8r dig umage \u2013 og vis engagement.<br>Beskriv dine st\u00e6rke sider b\u00e5de arbejdsm\u00e6ssigt og personligt<br>\u2013 giv eksempler p\u00e5 ting, du har klaret godt. Og fort\u00e6l hvad virksomheden f\u00e5r ud af at ans\u00e6tte lige netop dig. Og f\u00f8lg op p\u00e5 din henvendelse. Det viser engagement og vilje.<\/p>\n\n\n\n<p>Lad dig inspirere:<\/p>\n\n\n\n<ul class=\"wp-block-list\"><li><a aria-label=\" (opens in a new tab)\" rel=\"noreferrer noopener\" href=\"http:\/\/www.avisen.dk\/guide-saadan-scorer-du-fritidsjobbet_206476.aspx\" target=\"_blank\" class=\"rank-math-link\">Avisen.dk<\/a>&nbsp;&#8211; Guide: S\u00e5dan scorer du fritidsjobbet<\/li><li><a aria-label=\" (opens in a new tab)\" rel=\"noreferrer noopener\" href=\"http:\/\/www.emu.dk\/gym\/elever\/uddannelse\/jobansoegning.html\" target=\"_blank\" class=\"rank-math-link\">emu.dk<\/a>&nbsp;\u2013&nbsp;Hvad du b\u00f8r overveje,&nbsp;n\u00e5r du skriver ans\u00f8gninger<\/li><li><a aria-label=\" (opens in a new tab)\" rel=\"noreferrer noopener\" href=\"http:\/\/www.emu.dk\/gym\/elever\/uddannelse\/jobansoegning-eksempel.html\" target=\"_blank\" class=\"rank-math-link\">emu.dk<\/a>&nbsp;&#8211; Hent en skabelon eller se et eksempel p\u00e5 en ans\u00f8gning<\/li><li><a aria-label=\" (opens in a new tab)\" rel=\"noreferrer noopener\" href=\"http:\/\/www.finansforbundet.dk\/da\/blivklogerepaa\/jobsoegningogkompetenceudvikling\/skrivcvogansoegning\/Sider\/dinansoegning.aspx\" target=\"_blank\" class=\"rank-math-link\">finansforbundet.dk<\/a>&nbsp;\u2013 Se hvoprdan du inddeler din ans\u00f8gning i afsnit<\/li><li><a aria-label=\" (opens in a new tab)\" rel=\"noreferrer noopener\" href=\"https:\/\/minkompetencemappe.dk\/\" target=\"_blank\" class=\"rank-math-link\">minkompetencemappe.dk<\/a>&nbsp;\u2013&nbsp;F\u00e5 overblik med egen online kompetencemappe<\/li><li><a aria-label=\" (opens in a new tab)\" rel=\"noreferrer noopener\" href=\"http:\/\/www.ungarbejde.dk\/jobansoegning\/saadan-skriver-du-en-ansoegning\" target=\"_blank\" class=\"rank-math-link\">ungarbejde.dk&nbsp;<\/a>&#8211; Gode r\u00e5d til ans\u00f8gningen, n\u00e5r du s\u00f8ger fritidsjob<\/li><\/ul>\n","protected":false},"excerpt":{"rendered":"<p>G\u00f8r dig umage \u2013 og vis engagement.Beskriv dine st\u00e6rke sider b\u00e5de arbejdsm\u00e6ssigt og personligt\u2013 giv eksempler p\u00e5 ting, du har klaret godt. Og fort\u00e6l hvad virksomheden f\u00e5r ud af at ans\u00e6tte lige netop dig. Og f\u00f8lg op p\u00e5 din henvendelse. Det viser engagement og vilje. Lad dig inspirere: Avisen.dk&nbsp;&#8211; Guide: S\u00e5dan scorer du fritidsjobbet emu.dk&nbsp;\u2013&nbsp;Hvad&#8230;<\/p>\n","protected":false},"author":1,"featured_media":0,"parent":0,"menu_order":0,"comment_status":"closed","ping_status":"closed","template":"","meta":{"_kad_post_transparent":"","_kad_post_title":"","_kad_post_layout":"","_kad_post_sidebar_id":"","_kad_post_content_style":"","_kad_post_vertical_padding":"","_kad_post_feature":"","_kad_post_feature_position":"","_kad_post_header":false,"_kad_post_footer":false,"footnotes":""},"class_list":["post-9","page","type-page","status-publish","hentry"],"_links":{"self":[{"href":"https:\/\/ijob.dk\/index.php?rest_route=\/wp\/v2\/pages\/9"}],"collection":[{"href":"https:\/\/ijob.dk\/index.php?rest_route=\/wp\/v2\/pages"}],"about":[{"href":"https:\/\/ijob.dk\/index.php?rest_route=\/wp\/v2\/types\/page"}],"author":[{"embeddable":true,"href":"https:\/\/ijob.dk\/index.php?rest_route=\/wp\/v2\/users\/1"}],"replies":[{"embeddable":true,"href":"https:\/\/ijob.dk\/index.php?rest_route=%2Fwp%2Fv2%2Fcomments&post=9"}],"version-history":[{"count":0,"href":"https:\/\/ijob.dk\/index.php?rest_route=\/wp\/v2\/pages\/9\/revisions"}],"wp:attachment":[{"href":"https:\/\/ijob.dk\/index.php?rest_route=%2Fwp%2Fv2%2Fmedia&parent=9"}],"curies":[{"name":"wp","href":"https:\/\/api.w.org\/{rel}","templated":true}]}}